{"id":29,"date":"2014-10-15T20:33:05","date_gmt":"2014-10-15T18:33:05","guid":{"rendered":"http:\/\/euphemia-verlag.de\/website\/?page_id=29"},"modified":"2024-05-19T22:24:07","modified_gmt":"2024-05-19T20:24:07","slug":"verlag","status":"publish","type":"page","link":"https:\/\/euphemia-verlag.de\/website\/?page_id=29","title":{"rendered":"Verlag"},"content":{"rendered":"<h5><strong><em>Abenteuer Kind.<\/em> Der Verlag f\u00fcr deine Familie!<\/strong><\/h5>\n<p>Euphemia Verlag ist ein junger, unabh\u00e4ngiger Generationen Verlag mit Sitz in der sch\u00f6nen Jugendstilstadt Bad Nauheim. Mit Frauenpower widmen wir uns Themen rund um das Kind, die Familie und die Natur. Wir erstellen zusammen mit ausgew\u00e4hlten AutorInnen und IllustratorInnen Pappbilderb\u00fccher, Bilder- und Kinderb\u00fccher und ausgew\u00e4hlte Non-Book-Artikel wie H\u00f6rb\u00fccher, Malb\u00fccher, Postkarten und Poster mit zauberhaften Illustrationen.<\/p>\n<p>Wir lieben B\u00fccher und die Herausforderung, eine neue Inspiration im kunterbunten Alltagsleben zu schaffen.<br \/>\nLerne etwas Neues, probiere etwas Neues, lass dich treiben und tr\u00e4ume!<br \/>\nLesen ist die sch\u00f6nste Nebensache der Welt. F\u00fcr uns sind Geschichten wie Sch\u00e4tze auf der Pirateninsel, wie fliegende Teppiche ins Reich der Fantasie und wie H\u00e4ngematten unter knorrigen alten Eichen. Sie spiegeln die Erfahrungswelt der Kinder wider, stillen Wissensdurst, f\u00fchren durch Abenteuer und machen Heranwachsenden Mut. Lasst uns Tr\u00e4ume wahr werden und der Natur ihre Geheimnisse entlocken!<\/p>\n<p><strong>Dein Euphemia &#8211; Verlag<\/strong><\/p>\n<p><a href=\"https:\/\/euphemia-verlag.de\/website\/wp-content\/uploads\/2024\/05\/Foto-Katrin1.jpg\"><img loading=\"lazy\" decoding=\"async\" class=\"wp-image-1107 alignleft\" src=\"https:\/\/euphemia-verlag.de\/website\/wp-content\/uploads\/2024\/05\/Foto-Katrin1.jpg\" alt=\"\" width=\"166\" height=\"238\" srcset=\"https:\/\/euphemia-verlag.de\/website\/wp-content\/uploads\/2024\/05\/Foto-Katrin1.jpg 459w, https:\/\/euphemia-verlag.de\/website\/wp-content\/uploads\/2024\/05\/Foto-Katrin1-209x300.jpg 209w, https:\/\/euphemia-verlag.de\/website\/wp-content\/uploads\/2024\/05\/Foto-Katrin1-300x430.jpg 300w\" sizes=\"auto, (max-width: 166px) 100vw, 166px\" \/><\/a>Katrin Handel<\/p>\n<p>&nbsp;<\/p>\n<p>&nbsp;<\/p>\n","protected":false},"excerpt":{"rendered":"<p>Abenteuer Kind. Der Verlag f\u00fcr deine Familie! Euphemia Verlag ist ein junger, unabh\u00e4ngiger Generationen Verlag mit Sitz in der sch\u00f6nen Jugendstilstadt Bad Nauheim. Mit Frauenpower&#8230;<\/p>\n","protected":false},"author":1,"featured_media":0,"parent":0,"menu_order":0,"comment_status":"open","ping_status":"open","template":"","meta":{"footnotes":""},"class_list":["post-29","page","type-page","status-publish"],"_links":{"self":[{"href":"https:\/\/euphemia-verlag.de\/website\/index.php?rest_route=\/wp\/v2\/pages\/29","targetHints":{"allow":["GET"]}}],"collection":[{"href":"https:\/\/euphemia-verlag.de\/website\/index.php?rest_route=\/wp\/v2\/pages"}],"about":[{"href":"https:\/\/euphemia-verlag.de\/website\/index.php?rest_route=\/wp\/v2\/types\/page"}],"author":[{"embeddable":true,"href":"https:\/\/euphemia-verlag.de\/website\/index.php?rest_route=\/wp\/v2\/users\/1"}],"replies":[{"embeddable":true,"href":"https:\/\/euphemia-verlag.de\/website\/index.php?rest_route=%2Fwp%2Fv2%2Fcomments&post=29"}],"version-history":[{"count":38,"href":"https:\/\/euphemia-verlag.de\/website\/index.php?rest_route=\/wp\/v2\/pages\/29\/revisions"}],"predecessor-version":[{"id":1108,"href":"https:\/\/euphemia-verlag.de\/website\/index.php?rest_route=\/wp\/v2\/pages\/29\/revisions\/1108"}],"wp:attachment":[{"href":"https:\/\/euphemia-verlag.de\/website\/index.php?rest_route=%2Fwp%2Fv2%2Fmedia&parent=29"}],"curies":[{"name":"wp","href":"https:\/\/api.w.org\/{rel}","templated":true}]}}