{"id":1245,"date":"2025-11-30T17:18:26","date_gmt":"2025-11-30T15:18:26","guid":{"rendered":"https:\/\/euphemia-verlag.de\/website\/?post_type=product&#038;p=1245"},"modified":"2026-02-10T14:44:10","modified_gmt":"2026-02-10T12:44:10","slug":"konzert-an-der-regenbogenbruecke","status":"publish","type":"product","link":"https:\/\/euphemia-verlag.de\/website\/?product=konzert-an-der-regenbogenbruecke","title":{"rendered":"Konzert an der Regenbogenbr\u00fccke"},"content":{"rendered":"<p>&nbsp;<\/p>\n<p>Juhu, ein fr\u00f6hliches Sommerabschiedskonzert auf der Regenbogenbr\u00fccke! Aufgeregt und voller Ideen starten die sieben Freunde ihre Vorbereitungen. Nur das Kaninchen bleibt ratlos zur\u00fcck. \u201eWas soll <em>ich<\/em> denn machen? &#8230; Ich kann doch nichts Besonderes.\u201c Dabei klopft es missmutig mit seinen Hinterl\u00e4ufen auf den Boden.<\/p>\n<p>Wird es dem Kaninchen gelingen, wie die anderen auf der B\u00fchne zu stehen und etwas vorzutragen?<\/p>\n<p>Eine lustige Geschichte, die auch nachdenklich stimmt \u2013 eine Geschichte \u00fcber Freundschaft und die Gewissheit, dass jeder etwas Besonderes kann.<\/p>\n","protected":false},"excerpt":{"rendered":"<p>&nbsp; Juhu, ein fr\u00f6hliches Sommerabschiedskonzert auf der Regenbogenbr\u00fccke! Aufgeregt und voller Ideen starten die sieben Freunde ihre Vorbereitungen. Nur das Kaninchen bleibt ratlos zur\u00fcck. \u201eWas&#8230;<\/p>\n","protected":false},"featured_media":1252,"comment_status":"open","ping_status":"closed","template":"","meta":[],"class_list":{"0":"post-1245","1":"product","2":"type-product","3":"status-publish","4":"has-post-thumbnail","6":"product_cat-kinderbuch","8":"first","9":"instock","10":"taxable","11":"shipping-taxable","12":"purchasable","13":"product-type-simple"},"_links":{"self":[{"href":"https:\/\/euphemia-verlag.de\/website\/index.php?rest_route=\/wp\/v2\/product\/1245","targetHints":{"allow":["GET"]}}],"collection":[{"href":"https:\/\/euphemia-verlag.de\/website\/index.php?rest_route=\/wp\/v2\/product"}],"about":[{"href":"https:\/\/euphemia-verlag.de\/website\/index.php?rest_route=\/wp\/v2\/types\/product"}],"replies":[{"embeddable":true,"href":"https:\/\/euphemia-verlag.de\/website\/index.php?rest_route=%2Fwp%2Fv2%2Fcomments&post=1245"}],"wp:featuredmedia":[{"embeddable":true,"href":"https:\/\/euphemia-verlag.de\/website\/index.php?rest_route=\/wp\/v2\/media\/1252"}],"wp:attachment":[{"href":"https:\/\/euphemia-verlag.de\/website\/index.php?rest_route=%2Fwp%2Fv2%2Fmedia&parent=1245"}],"curies":[{"name":"wp","href":"https:\/\/api.w.org\/{rel}","templated":true}]}}