{"id":135,"date":"2019-09-09T19:28:00","date_gmt":"2019-09-09T17:28:00","guid":{"rendered":"http:\/\/euphemia-verlag.de\/website\/?post_type=product&#038;p=135"},"modified":"2026-02-10T14:44:11","modified_gmt":"2026-02-10T12:44:11","slug":"die-farben-der-regenbogenbruecke-ein-kreatives-kinderbuch","status":"publish","type":"product","link":"https:\/\/euphemia-verlag.de\/website\/?product=die-farben-der-regenbogenbruecke-ein-kreatives-kinderbuch","title":{"rendered":"Die Farben der Regenbogenbr\u00fccke &#8211; Ein kreatives Kinderbuch"},"content":{"rendered":"<p>Unter einem Regenbogen beginnt das Abenteuer von sieben mutigen Tieren, die mit Pflanzenfarben eine alte graue Br\u00fccke in den sieben Regenbogenfarben anmalen wollen. Ob es ihnen gelingt, diese Farben aus Pflanzenextrakten, Bl\u00fcten- und Beerens\u00e4ften zu gewinnen? Taucht mit uns ein in die Sch\u00f6nheiten der Natur!<\/p>\n<p>Dieses Buch l\u00e4dt Kinder und Erwachsene ein, die Natur zu entdecken, Freude am Gestalten und Experimentieren mit Naturmaterialien zu entwickeln. Neben einer spannenden Geschichte erwartet euch ein kreatives Kinderbuch mit handgemalten Aquarellen, einer Liste mit ausgew\u00e4hlten F\u00e4rberpflanzen, Rezepten zur Herstellung von Pflanzenfarben und ein Ausmalbild.<\/p>\n<hr \/>\n<p><span style=\"text-decoration: underline;\"><strong>Produktinformation:<\/strong><br \/>\n<\/span>Gebundene Ausgabe: 64 farbige Seiten<br \/>\nVerlag: Euphemia-Verlag (Dezember 2014)<br \/>\nSprache: Deutsch<br \/>\nISBN:\u00a0978-3-9816948-3-3<br \/>\nEmpfohlenes Alter: ab 3 Jahren<\/p>\n<hr \/>\n<p>&nbsp;<\/p>\n","protected":false},"excerpt":{"rendered":"<p>Unter einem Regenbogen beginnt das Abenteuer von sieben mutigen Tieren, die mit Pflanzenfarben eine alte graue Br\u00fccke in den sieben Regenbogenfarben anmalen wollen. Ob es&#8230;<\/p>\n","protected":false},"featured_media":151,"comment_status":"closed","ping_status":"closed","template":"","meta":[],"class_list":{"0":"post-135","1":"product","2":"type-product","3":"status-publish","4":"has-post-thumbnail","6":"product_cat-kinderbuch","7":"product_shipping_class-buechersendung-deutschland","9":"first","10":"instock","11":"taxable","12":"shipping-taxable","13":"purchasable","14":"product-type-simple"},"_links":{"self":[{"href":"https:\/\/euphemia-verlag.de\/website\/index.php?rest_route=\/wp\/v2\/product\/135","targetHints":{"allow":["GET"]}}],"collection":[{"href":"https:\/\/euphemia-verlag.de\/website\/index.php?rest_route=\/wp\/v2\/product"}],"about":[{"href":"https:\/\/euphemia-verlag.de\/website\/index.php?rest_route=\/wp\/v2\/types\/product"}],"replies":[{"embeddable":true,"href":"https:\/\/euphemia-verlag.de\/website\/index.php?rest_route=%2Fwp%2Fv2%2Fcomments&post=135"}],"wp:featuredmedia":[{"embeddable":true,"href":"https:\/\/euphemia-verlag.de\/website\/index.php?rest_route=\/wp\/v2\/media\/151"}],"wp:attachment":[{"href":"https:\/\/euphemia-verlag.de\/website\/index.php?rest_route=%2Fwp%2Fv2%2Fmedia&parent=135"}],"curies":[{"name":"wp","href":"https:\/\/api.w.org\/{rel}","templated":true}]}}